{"id":1866,"date":"2023-10-27T13:45:59","date_gmt":"2023-10-27T13:45:59","guid":{"rendered":"https:\/\/www.likewize.com\/cookie-richtlinie\/"},"modified":"2025-07-17T16:49:20","modified_gmt":"2025-07-17T16:49:20","slug":"cookie-policy","status":"publish","type":"page","link":"https:\/\/www.likewize.com\/de\/cookie-policy\/","title":{"rendered":"Cookie-Richtlinie"},"content":{"rendered":"\n<div class=\"wp-block-group\"><div class=\"wp-block-group__inner-container is-layout-constrained wp-block-group-is-layout-constrained\">\n<p>Unsere Website verwendet Cookies, um Sie von anderen Nutzern unserer Website zu unterscheiden. Dies hilft uns, Ihnen eine gute Erfahrung zu bieten, wenn Sie unsere Website besuchen, und erm\u00f6glicht es uns auch, unsere Website zu verbessern. Indem Sie weiterhin auf der Website surfen, stimmen Sie der Verwendung von Cookies zu.<br>Ein Cookie ist eine kleine Datei mit Buchstaben und Zahlen, die wir in Ihrem Browser oder auf der Festplatte Ihres Computers speichern, wenn Sie damit einverstanden sind. Cookies enthalten Informationen, die auf die Festplatte Ihres Computers \u00fcbermittelt werden.<\/p>\n\n\n\n<div style=\"height:20px\" aria-hidden=\"true\" class=\"wp-block-spacer\"><\/div>\n\n\n\n<h6 class=\"wp-block-heading\">WIR VERWENDEN M\u00d6GLICHERWEISE DIESE COOKIES:<\/h6>\n\n\n\n<ul class=\"wp-block-list\">\n<li><strong>Unbedingt notwendige Cookies.<\/strong> Dies sind Cookies, die f\u00fcr den Betrieb unserer Website erforderlich sind. Dazu geh\u00f6ren beispielsweise Cookies, die es Ihnen erm\u00f6glichen, sich in sicheren Bereichen unserer Website anzumelden, einen Warenkorb zu verwenden oder E-Abrechnungsdienste zu nutzen.<\/li>\n\n\n\n<li><strong>Analytische\/Leistungs-Cookies<\/strong>. Sie erm\u00f6glichen es uns, die Anzahl der Besucher zu erkennen und zu z\u00e4hlen und zu sehen, wie sich Besucher auf unserer Website bewegen, wenn sie sie nutzen. Dies hilft uns, die Funktionsweise unserer Website zu verbessern, indem wir beispielsweise sicherstellen, dass Nutzer leicht finden, was sie suchen.<\/li>\n\n\n\n<li><strong>Funktionelle Cookies.<\/strong> Diese werden verwendet, um Sie zu erkennen, wenn Sie auf unsere Website zur\u00fcckkehren. Dies erm\u00f6glicht es uns, unsere Inhalte f\u00fcr Sie zu personalisieren, Sie mit Ihrem Namen zu begr\u00fc\u00dfen und uns Ihre Pr\u00e4ferenzen zu merken (z. B. Ihre Wahl der Sprache oder Region).<\/li>\n\n\n\n<li><strong>Zielgerichtete Cookies. <\/strong>Diese Cookies speichern Ihren Besuch auf unserer Website, die Seiten, die Sie besucht haben und die Links, denen Sie gefolgt sind. Wir verwenden diese Informationen, um unsere Website und die darauf angezeigte Werbung besser auf Ihre Interessen abzustimmen. Zu diesem Zweck k\u00f6nnen wir diese Informationen auch an Dritte weitergeben.<\/li>\n<\/ul>\n\n\n\n<p>Weitere Informationen zu den einzelnen Cookies, die wir verwenden, und zu den Zwecken, f\u00fcr die wir sie verwenden, finden Sie in der folgenden Tabelle:<\/p>\n\n\n\n<div style=\"height:20px\" aria-hidden=\"true\" class=\"wp-block-spacer\"><\/div>\n\n\n\n<h6 class=\"wp-block-heading\">ANALYSE-\/LEISTUNGS-COOKIES<\/h6>\n\n\n\n<div style=\"height:20px\" aria-hidden=\"true\" class=\"wp-block-spacer\"><\/div>\n\n\n\n<figure class=\"wp-block-table\"><table><tbody><tr><td><strong>Name<\/strong><\/td><td><strong>Zweck<\/strong><\/td><td><strong>Weitere Informationen<\/strong><\/td><\/tr><tr><td>_gat<\/td><td>Google Analytics<\/td><td>Wird verwendet, um Benutzer zu unterscheiden. (Verf\u00e4llt in einer Minute). <a href=\"https:\/\/support.google.com\/analytics\/answer\/11397207?hl=en\">Mehr erfahren<\/a><\/td><\/tr><tr><td>_ga<\/td><td>Google Analytics<\/td><td>Wird verwendet, um Benutzer zu unterscheiden. (Verf\u00e4llt in zwei Jahren). <a href=\"https:\/\/support.google.com\/analytics\/answer\/11397207?hl=en\">Mehr erfahren<\/a><\/td><\/tr><tr><td>_gid<\/td><td>Google Analytics<\/td><td>Wird verwendet, um Benutzer zu unterscheiden. (Verf\u00e4llt in 24 Stunden). <a href=\"https:\/\/support.google.com\/analytics\/answer\/11397207?hl=en\">Mehr erfahren<\/a><\/td><\/tr><\/tbody><\/table><\/figure>\n\n\n\n<div style=\"height:20px\" aria-hidden=\"true\" class=\"wp-block-spacer\"><\/div>\n\n\n\n<h6 class=\"wp-block-heading\">FUNKTIONS-COOKIES<\/h6>\n\n\n\n<figure class=\"wp-block-table\"><table><tbody><tr><td class=\"has-text-align-left\" data-align=\"left\"><strong>Name<\/strong><\/td><td><strong>Zweck<\/strong><\/td><td><strong>Weitere Informationen<\/strong><\/td><\/tr><tr><td class=\"has-text-align-left\" data-align=\"left\">incap_ses_xxx<\/td><td>Incapsula<\/td><td>Incapsula-Sitzungs-Cookie. (Verf\u00e4llt beim Beenden der Seite)<\/td><\/tr><tr><td class=\"has-text-align-left\" data-align=\"left\">visid_incap_xxx<\/td><td>Incapsula<\/td><td>Incapsula-Besuchs-ID-Cookie. (Verf\u00e4llt in einem Jahr)<\/td><\/tr><tr><td class=\"has-text-align-left\" data-align=\"left\">wp-settings-time-xxx<\/td><td>WP-Einstellungs-Cookie<\/td><td>WordPress setzt auch einige wp-settings-{time}-[UID] Cookies. Die Nummer am Ende ist Ihre individuelle Benutzer-ID aus der Datenbanktabelle des Benutzers. Damit k\u00f6nnen Sie Ihre Ansicht der Verwaltungsoberfl\u00e4che und m\u00f6glicherweise auch die Hauptschnittstelle der Website anpassen. (Verf\u00e4llt in einem Jahr) <a href=\"https:\/\/wordpress.org\/documentation\/article\/cookies\/\" data-type=\"link\" data-id=\"https:\/\/wordpress.org\/documentation\/article\/cookies\/\">Weitere Informationen<\/a><\/td><\/tr><tr><td class=\"has-text-align-left\" data-align=\"left\">wp-settings-time-xxx<\/td><td>WP-Einstellungs-Cookie<\/td><td>WordPress setzt auch einige wp-settings-{time}-[UID] Cookies. Die Nummer am Ende ist Ihre individuelle Benutzer-ID aus der Datenbanktabelle des Benutzers. Damit k\u00f6nnen Sie Ihre Ansicht der Verwaltungsoberfl\u00e4che und m\u00f6glicherweise auch die Hauptschnittstelle der Website anpassen. (Verf\u00e4llt in einem Jahr) <a href=\"https:\/\/wordpress.org\/documentation\/article\/cookies\/\" data-type=\"link\" data-id=\"https:\/\/wordpress.org\/documentation\/article\/cookies\/\">Weitere Informationen<\/a><\/td><\/tr><\/tbody><\/table><\/figure>\n\n\n\n<p>Bitte beachten Sie, dass auch Dritte (z. B. Werbenetzwerke und Anbieter externer Dienste wie Web-Traffic-Analysedienste) Cookies verwenden k\u00f6nnen, auf die wir keinen Einfluss haben. Bei diesen Cookies handelt es sich wahrscheinlich um Analyse-\/Leistungs-Cookies oder Targeting-Cookies.<br>Wenn Sie die Cookies, die von dieser Website (oder in der Tat auf einer anderen Website) gesetzt werden, einschr\u00e4nken oder blockieren m\u00f6chten, k\u00f6nnen Sie dies \u00fcber Ihre Browsereinstellungen tun. Die \u201eHilfe\u201c-Funktion in Ihrem Browser verr\u00e4t Ihnen, wie. Sie blockieren Cookies, indem Sie die Einstellung in Ihrem Browser aktivieren, die es Ihnen erm\u00f6glicht, die Einstellung aller oder einiger Cookies abzulehnen. Wenn Sie Ihren Browser so einstellen, dass er alle Cookies blockiert, k\u00f6nnen Sie jedoch m\u00f6glicherweise nicht auf alle oder Teile unserer Website zugreifen.<br>Wenn Sie sich vor allem Sorgen \u00fcber Cookies von Drittanbietern machen, die von Werbetreibenden generiert werden, k\u00f6nnen Sie diese deaktivieren, indem Sie die Website Your Online Choices unter <a data-type=\"link\" data-id=\"https:\/\/youronlinechoices.eu\/\" href=\"https:\/\/youronlinechoices.eu\/\">www.youronlinechoices.eu besuchen.<\/a><\/p>\n\n\n\n<div style=\"height:20px\" aria-hidden=\"true\" class=\"wp-block-spacer\"><\/div>\n\n\n\n<h6 class=\"wp-block-heading\">FUNKTIONS-COOKIES<\/h6>\n\n\n\n<p>Einige der E-Mails, die wir Ihnen senden, k\u00f6nnen ein \u201eWeb Beacon Pixel\u201c (Clear GIFs) oder nachverfolgte Links enthalten, die es uns erm\u00f6glichen, zu identifizieren, wann Sie die E-Mail ge\u00f6ffnet haben, und zu \u00fcberpr\u00fcfen, welche Links in der E-Mail enthalten sind, auf die Sie zugegriffen haben. Wir verwenden diese Informationen, um festzustellen, welche Teile unserer E-Mails f\u00fcr Sie am interessantesten sind.<\/p>\n\n\n\n<p>Sie k\u00f6nnen das Pixel l\u00f6schen, indem Sie die E-Mail l\u00f6schen. Wenn Sie das Pixel nicht auf Ihren Computer oder ein anderes Ger\u00e4t herunterladen m\u00f6chten, k\u00f6nnen Sie dies sicherstellen, indem Sie ausw\u00e4hlen, dass Sie E-Mails von uns im reinen Textformat und nicht im HTML-Format erhalten, oder indem Sie keine Bilder in Ihrer E-Mail \u00f6ffnen.<\/p>\n\n\n\n<div style=\"height:20px\" aria-hidden=\"true\" class=\"wp-block-spacer\"><\/div>\n\n\n\n<h6 class=\"wp-block-heading\">KONTAKT<\/h6>\n\n\n\n<p>Wenn Sie weitere Fragen zu unserer Cookie-Richtlinie haben, kontaktieren Sie uns bitte unter: <a href=\"mailto:GDPRSupport@www.likewize.com\">GDPRSupport@www.likewize.com<\/a><\/p>\n<\/div><\/div>\n","protected":false},"excerpt":{"rendered":"<p>Unsere Website verwendet Cookies, um Sie von anderen Nutzern unserer Website zu unterscheiden. Dies hilft uns, Ihnen eine gute Erfahrung zu bieten, wenn Sie unsere Website besuchen, und erm\u00f6glicht es uns auch, unsere Website zu verbessern. Indem Sie weiterhin auf der Website surfen, stimmen Sie der Verwendung von Cookies zu.Ein Cookie ist eine kleine Datei [&hellip;]<\/p>\n","protected":false},"author":25,"featured_media":0,"parent":0,"menu_order":0,"comment_status":"closed","ping_status":"closed","template":"page-templates\/sub-page.php","meta":{"_acf_changed":false,"footnotes":""},"class_list":["post-1866","page","type-page","status-publish","hentry"],"acf":[],"yoast_head":"<!-- This site is optimized with the Yoast SEO plugin v27.5 - https:\/\/yoast.com\/product\/yoast-seo-wordpress\/ -->\n<title>Cookie-Richtlinie &#8212; Likewize<\/title>\n<meta name=\"robots\" content=\"index, follow, max-snippet:-1, max-image-preview:large, max-video-preview:-1\" \/>\n<link rel=\"canonical\" href=\"https:\/\/www.likewize.com\/de\/cookie-policy\/\" \/>\n<meta property=\"og:locale\" content=\"de_DE\" \/>\n<meta property=\"og:type\" content=\"article\" \/>\n<meta property=\"og:title\" content=\"Cookie-Richtlinie &#8212; Likewize\" \/>\n<meta property=\"og:description\" content=\"Unsere Website verwendet Cookies, um Sie von anderen Nutzern unserer Website zu unterscheiden. Dies hilft uns, Ihnen eine gute Erfahrung zu bieten, wenn Sie unsere Website besuchen, und erm\u00f6glicht es uns auch, unsere Website zu verbessern. Indem Sie weiterhin auf der Website surfen, stimmen Sie der Verwendung von Cookies zu.Ein Cookie ist eine kleine Datei [&hellip;]\" \/>\n<meta property=\"og:url\" content=\"https:\/\/www.likewize.com\/de\/cookie-policy\/\" \/>\n<meta property=\"og:site_name\" content=\"Likewize\" \/>\n<meta property=\"article:modified_time\" content=\"2025-07-17T16:49:20+00:00\" \/>\n<meta property=\"og:image\" content=\"https:\/\/www.likewize.com\/wp-content\/uploads\/2023\/10\/og-image.jpg\" \/>\n\t<meta property=\"og:image:width\" content=\"1200\" \/>\n\t<meta property=\"og:image:height\" content=\"630\" \/>\n\t<meta property=\"og:image:type\" content=\"image\/jpeg\" \/>\n<meta name=\"twitter:card\" content=\"summary_large_image\" \/>\n<meta name=\"twitter:label1\" content=\"Gesch\u00e4tzte Lesezeit\" \/>\n\t<meta name=\"twitter:data1\" content=\"4\u00a0Minuten\" \/>\n<script type=\"application\/ld+json\" class=\"yoast-schema-graph\">{\"@context\":\"https:\\\/\\\/schema.org\",\"@graph\":[{\"@type\":\"WebPage\",\"@id\":\"https:\\\/\\\/www.likewize.com\\\/de\\\/cookie-policy\\\/\",\"url\":\"https:\\\/\\\/www.likewize.com\\\/de\\\/cookie-policy\\\/\",\"name\":\"Cookie-Richtlinie &#8212; Likewize\",\"isPartOf\":{\"@id\":\"https:\\\/\\\/www.likewize.com\\\/de\\\/#website\"},\"datePublished\":\"2023-10-27T13:45:59+00:00\",\"dateModified\":\"2025-07-17T16:49:20+00:00\",\"breadcrumb\":{\"@id\":\"https:\\\/\\\/www.likewize.com\\\/de\\\/cookie-policy\\\/#breadcrumb\"},\"inLanguage\":\"de\",\"potentialAction\":[{\"@type\":\"ReadAction\",\"target\":[\"https:\\\/\\\/www.likewize.com\\\/de\\\/cookie-policy\\\/\"]}]},{\"@type\":\"BreadcrumbList\",\"@id\":\"https:\\\/\\\/www.likewize.com\\\/de\\\/cookie-policy\\\/#breadcrumb\",\"itemListElement\":[{\"@type\":\"ListItem\",\"position\":1,\"name\":\"Home\",\"item\":\"https:\\\/\\\/www.likewize.com\\\/de\\\/\"},{\"@type\":\"ListItem\",\"position\":2,\"name\":\"Cookie-Richtlinie\"}]},{\"@type\":\"WebSite\",\"@id\":\"https:\\\/\\\/www.likewize.com\\\/de\\\/#website\",\"url\":\"https:\\\/\\\/www.likewize.com\\\/de\\\/\",\"name\":\"Likewize\",\"description\":\"Jedes technische Problem schmerzlos gemacht.\",\"publisher\":{\"@id\":\"https:\\\/\\\/www.likewize.com\\\/de\\\/#organization\"},\"potentialAction\":[{\"@type\":\"SearchAction\",\"target\":{\"@type\":\"EntryPoint\",\"urlTemplate\":\"https:\\\/\\\/www.likewize.com\\\/de\\\/?s={search_term_string}\"},\"query-input\":{\"@type\":\"PropertyValueSpecification\",\"valueRequired\":true,\"valueName\":\"search_term_string\"}}],\"inLanguage\":\"de\"},{\"@type\":\"Organization\",\"@id\":\"https:\\\/\\\/www.likewize.com\\\/de\\\/#organization\",\"name\":\"Likewize\",\"url\":\"https:\\\/\\\/www.likewize.com\\\/de\\\/\",\"logo\":{\"@type\":\"ImageObject\",\"inLanguage\":\"de\",\"@id\":\"https:\\\/\\\/www.likewize.com\\\/de\\\/#\\\/schema\\\/logo\\\/image\\\/\",\"url\":\"https:\\\/\\\/www.likewize.com\\\/wp-content\\\/uploads\\\/2023\\\/11\\\/likewize-logo-23.svg\",\"contentUrl\":\"https:\\\/\\\/www.likewize.com\\\/wp-content\\\/uploads\\\/2023\\\/11\\\/likewize-logo-23.svg\",\"width\":143,\"height\":30,\"caption\":\"Likewize\"},\"image\":{\"@id\":\"https:\\\/\\\/www.likewize.com\\\/de\\\/#\\\/schema\\\/logo\\\/image\\\/\"}}]}<\/script>\n<!-- \/ Yoast SEO plugin. -->","yoast_head_json":{"title":"Cookie-Richtlinie &#8212; Likewize","robots":{"index":"index","follow":"follow","max-snippet":"max-snippet:-1","max-image-preview":"max-image-preview:large","max-video-preview":"max-video-preview:-1"},"canonical":"https:\/\/www.likewize.com\/de\/cookie-policy\/","og_locale":"de_DE","og_type":"article","og_title":"Cookie-Richtlinie &#8212; Likewize","og_description":"Unsere Website verwendet Cookies, um Sie von anderen Nutzern unserer Website zu unterscheiden. Dies hilft uns, Ihnen eine gute Erfahrung zu bieten, wenn Sie unsere Website besuchen, und erm\u00f6glicht es uns auch, unsere Website zu verbessern. Indem Sie weiterhin auf der Website surfen, stimmen Sie der Verwendung von Cookies zu.Ein Cookie ist eine kleine Datei [&hellip;]","og_url":"https:\/\/www.likewize.com\/de\/cookie-policy\/","og_site_name":"Likewize","article_modified_time":"2025-07-17T16:49:20+00:00","og_image":[{"width":1200,"height":630,"url":"https:\/\/www.likewize.com\/wp-content\/uploads\/2023\/10\/og-image.jpg","type":"image\/jpeg"}],"twitter_card":"summary_large_image","twitter_misc":{"Gesch\u00e4tzte Lesezeit":"4\u00a0Minuten"},"schema":{"@context":"https:\/\/schema.org","@graph":[{"@type":"WebPage","@id":"https:\/\/www.likewize.com\/de\/cookie-policy\/","url":"https:\/\/www.likewize.com\/de\/cookie-policy\/","name":"Cookie-Richtlinie &#8212; Likewize","isPartOf":{"@id":"https:\/\/www.likewize.com\/de\/#website"},"datePublished":"2023-10-27T13:45:59+00:00","dateModified":"2025-07-17T16:49:20+00:00","breadcrumb":{"@id":"https:\/\/www.likewize.com\/de\/cookie-policy\/#breadcrumb"},"inLanguage":"de","potentialAction":[{"@type":"ReadAction","target":["https:\/\/www.likewize.com\/de\/cookie-policy\/"]}]},{"@type":"BreadcrumbList","@id":"https:\/\/www.likewize.com\/de\/cookie-policy\/#breadcrumb","itemListElement":[{"@type":"ListItem","position":1,"name":"Home","item":"https:\/\/www.likewize.com\/de\/"},{"@type":"ListItem","position":2,"name":"Cookie-Richtlinie"}]},{"@type":"WebSite","@id":"https:\/\/www.likewize.com\/de\/#website","url":"https:\/\/www.likewize.com\/de\/","name":"Likewize","description":"Jedes technische Problem schmerzlos gemacht.","publisher":{"@id":"https:\/\/www.likewize.com\/de\/#organization"},"potentialAction":[{"@type":"SearchAction","target":{"@type":"EntryPoint","urlTemplate":"https:\/\/www.likewize.com\/de\/?s={search_term_string}"},"query-input":{"@type":"PropertyValueSpecification","valueRequired":true,"valueName":"search_term_string"}}],"inLanguage":"de"},{"@type":"Organization","@id":"https:\/\/www.likewize.com\/de\/#organization","name":"Likewize","url":"https:\/\/www.likewize.com\/de\/","logo":{"@type":"ImageObject","inLanguage":"de","@id":"https:\/\/www.likewize.com\/de\/#\/schema\/logo\/image\/","url":"https:\/\/www.likewize.com\/wp-content\/uploads\/2023\/11\/likewize-logo-23.svg","contentUrl":"https:\/\/www.likewize.com\/wp-content\/uploads\/2023\/11\/likewize-logo-23.svg","width":143,"height":30,"caption":"Likewize"},"image":{"@id":"https:\/\/www.likewize.com\/de\/#\/schema\/logo\/image\/"}}]}},"_links":{"self":[{"href":"https:\/\/www.likewize.com\/de\/wp-json\/wp\/v2\/pages\/1866","targetHints":{"allow":["GET"]}}],"collection":[{"href":"https:\/\/www.likewize.com\/de\/wp-json\/wp\/v2\/pages"}],"about":[{"href":"https:\/\/www.likewize.com\/de\/wp-json\/wp\/v2\/types\/page"}],"author":[{"embeddable":true,"href":"https:\/\/www.likewize.com\/de\/wp-json\/wp\/v2\/users\/25"}],"replies":[{"embeddable":true,"href":"https:\/\/www.likewize.com\/de\/wp-json\/wp\/v2\/comments?post=1866"}],"version-history":[{"count":0,"href":"https:\/\/www.likewize.com\/de\/wp-json\/wp\/v2\/pages\/1866\/revisions"}],"wp:attachment":[{"href":"https:\/\/www.likewize.com\/de\/wp-json\/wp\/v2\/media?parent=1866"}],"curies":[{"name":"wp","href":"https:\/\/api.w.org\/{rel}","templated":true}]}}