{"id":2055,"date":"2025-11-07T17:23:33","date_gmt":"2025-11-07T17:23:33","guid":{"rendered":"https:\/\/www.likewize.com\/?page_id=2055"},"modified":"2025-11-07T17:23:33","modified_gmt":"2025-11-07T17:23:33","slug":"claims-repairs","status":"publish","type":"page","link":"https:\/\/www.likewize.com\/es\/claims-repairs\/","title":{"rendered":"Reclamaciones y reparaciones"},"content":{"rendered":"\n<div\n  data-block_a711ac2f5a301494dbdd4a038715bf52\n  class=\"custom-block&#x20;custom-block--md&#x20;theme-white&#x20;cta-list&#x20;\"\n  >\n  \n  <div class=\"container-fluid\">\n\n          <div class=\"row\">\n                                                    <div class=\"col-12 col-md-6 col-lg-6 mt-3 mt-md-4\">\n            <article class=\"cta-list-item\">\n              <a href=\"https:\/\/www.likewize.com\/es\/book-a-repair\/\" class=\"cta-list-item__link\">\n                <div>\n                  <h3 class=\"cta-list-item__title h4 m-0\">Reserva una reparaci\u00f3n<\/h3>\n                                      <p class=\"cta-list-item__description m-0\">Reparaciones de Smartphone y de tablet en la puerta de su casa.<\/p>\n                                  <\/div>\n              <\/a>\n            <\/article>\n          <\/div>\n                  <div class=\"col-12 col-md-6 col-lg-6 mt-3 mt-md-4\">\n            <article class=\"cta-list-item\">\n              <a href=\"https:\/\/protect.www.likewize.com\/es\" class=\"cta-list-item__link\" target=\"_blank\" rel=\"noopener noreferrer\">\n                <div>\n                  <h3 class=\"cta-list-item__title h4 m-0\">Realice una reclamaci\u00f3n<\/h3>\n                                      <p class=\"cta-list-item__description m-0\">Reclamaciones y solicitudes de servicio para clientes de u2028Likewize existentes.<\/p>\n                                  <\/div>\n              <\/a>\n            <\/article>\n          <\/div>\n              <\/div>\n    \n  <\/div>\n\n<\/div>\n","protected":false},"excerpt":{"rendered":"","protected":false},"author":25,"featured_media":0,"parent":0,"menu_order":0,"comment_status":"closed","ping_status":"closed","template":"page-templates\/sub-page.php","meta":{"_acf_changed":false,"footnotes":""},"class_list":["post-2055","page","type-page","status-publish","hentry"],"acf":[],"yoast_head":"<!-- This site is optimized with the Yoast SEO plugin v27.3 - https:\/\/yoast.com\/product\/yoast-seo-wordpress\/ -->\n<title>Reclamaciones y reparaciones &#8212; Likewize<\/title>\n<meta name=\"description\" content=\"Reserva una reparaci\u00f3n o haz una reclamaci\u00f3n aqu\u00ed.\" \/>\n<meta name=\"robots\" content=\"index, follow, max-snippet:-1, max-image-preview:large, max-video-preview:-1\" \/>\n<link rel=\"canonical\" href=\"https:\/\/www.likewize.com\/es\/claims-repairs\/\" \/>\n<meta property=\"og:locale\" content=\"es_ES\" \/>\n<meta property=\"og:type\" content=\"article\" \/>\n<meta property=\"og:title\" content=\"Reclamaciones y reparaciones &#8212; Likewize\" \/>\n<meta property=\"og:description\" content=\"Reserva una reparaci\u00f3n o haz una reclamaci\u00f3n aqu\u00ed.\" \/>\n<meta property=\"og:url\" content=\"https:\/\/www.likewize.com\/es\/claims-repairs\/\" \/>\n<meta property=\"og:site_name\" content=\"Likewize\" \/>\n<meta property=\"og:image\" content=\"https:\/\/www.likewize.com\/wp-content\/uploads\/2023\/10\/og-image.jpg\" \/>\n\t<meta property=\"og:image:width\" content=\"1200\" \/>\n\t<meta property=\"og:image:height\" content=\"630\" \/>\n\t<meta property=\"og:image:type\" content=\"image\/jpeg\" \/>\n<meta name=\"twitter:card\" content=\"summary_large_image\" \/>\n<meta name=\"twitter:label1\" content=\"Tiempo de lectura\" \/>\n\t<meta name=\"twitter:data1\" content=\"1 minuto\" \/>\n<script type=\"application\/ld+json\" class=\"yoast-schema-graph\">{\"@context\":\"https:\\\/\\\/schema.org\",\"@graph\":[{\"@type\":\"WebPage\",\"@id\":\"https:\\\/\\\/www.likewize.com\\\/es\\\/claims-repairs\\\/\",\"url\":\"https:\\\/\\\/www.likewize.com\\\/es\\\/claims-repairs\\\/\",\"name\":\"Reclamaciones y reparaciones &#8212; Likewize\",\"isPartOf\":{\"@id\":\"https:\\\/\\\/www.likewize.com\\\/es\\\/#website\"},\"datePublished\":\"2025-11-07T17:23:33+00:00\",\"description\":\"Reserva una reparaci\u00f3n o haz una reclamaci\u00f3n aqu\u00ed.\",\"breadcrumb\":{\"@id\":\"https:\\\/\\\/www.likewize.com\\\/es\\\/claims-repairs\\\/#breadcrumb\"},\"inLanguage\":\"es\",\"potentialAction\":[{\"@type\":\"ReadAction\",\"target\":[\"https:\\\/\\\/www.likewize.com\\\/es\\\/claims-repairs\\\/\"]}]},{\"@type\":\"BreadcrumbList\",\"@id\":\"https:\\\/\\\/www.likewize.com\\\/es\\\/claims-repairs\\\/#breadcrumb\",\"itemListElement\":[{\"@type\":\"ListItem\",\"position\":1,\"name\":\"Home\",\"item\":\"https:\\\/\\\/www.likewize.com\\\/es\\\/\"},{\"@type\":\"ListItem\",\"position\":2,\"name\":\"Reclamaciones y reparaciones\"}]},{\"@type\":\"WebSite\",\"@id\":\"https:\\\/\\\/www.likewize.com\\\/es\\\/#website\",\"url\":\"https:\\\/\\\/www.likewize.com\\\/es\\\/\",\"name\":\"Likewize\",\"description\":\"Cada problema tecnol\u00f3gico resuelto sin dolor.\",\"publisher\":{\"@id\":\"https:\\\/\\\/www.likewize.com\\\/es\\\/#organization\"},\"potentialAction\":[{\"@type\":\"SearchAction\",\"target\":{\"@type\":\"EntryPoint\",\"urlTemplate\":\"https:\\\/\\\/www.likewize.com\\\/es\\\/?s={search_term_string}\"},\"query-input\":{\"@type\":\"PropertyValueSpecification\",\"valueRequired\":true,\"valueName\":\"search_term_string\"}}],\"inLanguage\":\"es\"},{\"@type\":\"Organization\",\"@id\":\"https:\\\/\\\/www.likewize.com\\\/es\\\/#organization\",\"name\":\"Likewize\",\"url\":\"https:\\\/\\\/www.likewize.com\\\/es\\\/\",\"logo\":{\"@type\":\"ImageObject\",\"inLanguage\":\"es\",\"@id\":\"https:\\\/\\\/www.likewize.com\\\/es\\\/#\\\/schema\\\/logo\\\/image\\\/\",\"url\":\"https:\\\/\\\/www.likewize.com\\\/wp-content\\\/uploads\\\/2023\\\/11\\\/likewize-logo-23.svg\",\"contentUrl\":\"https:\\\/\\\/www.likewize.com\\\/wp-content\\\/uploads\\\/2023\\\/11\\\/likewize-logo-23.svg\",\"width\":143,\"height\":30,\"caption\":\"Likewize\"},\"image\":{\"@id\":\"https:\\\/\\\/www.likewize.com\\\/es\\\/#\\\/schema\\\/logo\\\/image\\\/\"}}]}<\/script>\n<!-- \/ Yoast SEO plugin. -->","yoast_head_json":{"title":"Reclamaciones y reparaciones &#8212; Likewize","description":"Reserva una reparaci\u00f3n o haz una reclamaci\u00f3n aqu\u00ed.","robots":{"index":"index","follow":"follow","max-snippet":"max-snippet:-1","max-image-preview":"max-image-preview:large","max-video-preview":"max-video-preview:-1"},"canonical":"https:\/\/www.likewize.com\/es\/claims-repairs\/","og_locale":"es_ES","og_type":"article","og_title":"Reclamaciones y reparaciones &#8212; Likewize","og_description":"Reserva una reparaci\u00f3n o haz una reclamaci\u00f3n aqu\u00ed.","og_url":"https:\/\/www.likewize.com\/es\/claims-repairs\/","og_site_name":"Likewize","og_image":[{"width":1200,"height":630,"url":"https:\/\/www.likewize.com\/wp-content\/uploads\/2023\/10\/og-image.jpg","type":"image\/jpeg"}],"twitter_card":"summary_large_image","twitter_misc":{"Tiempo de lectura":"1 minuto"},"schema":{"@context":"https:\/\/schema.org","@graph":[{"@type":"WebPage","@id":"https:\/\/www.likewize.com\/es\/claims-repairs\/","url":"https:\/\/www.likewize.com\/es\/claims-repairs\/","name":"Reclamaciones y reparaciones &#8212; Likewize","isPartOf":{"@id":"https:\/\/www.likewize.com\/es\/#website"},"datePublished":"2025-11-07T17:23:33+00:00","description":"Reserva una reparaci\u00f3n o haz una reclamaci\u00f3n aqu\u00ed.","breadcrumb":{"@id":"https:\/\/www.likewize.com\/es\/claims-repairs\/#breadcrumb"},"inLanguage":"es","potentialAction":[{"@type":"ReadAction","target":["https:\/\/www.likewize.com\/es\/claims-repairs\/"]}]},{"@type":"BreadcrumbList","@id":"https:\/\/www.likewize.com\/es\/claims-repairs\/#breadcrumb","itemListElement":[{"@type":"ListItem","position":1,"name":"Home","item":"https:\/\/www.likewize.com\/es\/"},{"@type":"ListItem","position":2,"name":"Reclamaciones y reparaciones"}]},{"@type":"WebSite","@id":"https:\/\/www.likewize.com\/es\/#website","url":"https:\/\/www.likewize.com\/es\/","name":"Likewize","description":"Cada problema tecnol\u00f3gico resuelto sin dolor.","publisher":{"@id":"https:\/\/www.likewize.com\/es\/#organization"},"potentialAction":[{"@type":"SearchAction","target":{"@type":"EntryPoint","urlTemplate":"https:\/\/www.likewize.com\/es\/?s={search_term_string}"},"query-input":{"@type":"PropertyValueSpecification","valueRequired":true,"valueName":"search_term_string"}}],"inLanguage":"es"},{"@type":"Organization","@id":"https:\/\/www.likewize.com\/es\/#organization","name":"Likewize","url":"https:\/\/www.likewize.com\/es\/","logo":{"@type":"ImageObject","inLanguage":"es","@id":"https:\/\/www.likewize.com\/es\/#\/schema\/logo\/image\/","url":"https:\/\/www.likewize.com\/wp-content\/uploads\/2023\/11\/likewize-logo-23.svg","contentUrl":"https:\/\/www.likewize.com\/wp-content\/uploads\/2023\/11\/likewize-logo-23.svg","width":143,"height":30,"caption":"Likewize"},"image":{"@id":"https:\/\/www.likewize.com\/es\/#\/schema\/logo\/image\/"}}]}},"_links":{"self":[{"href":"https:\/\/www.likewize.com\/es\/wp-json\/wp\/v2\/pages\/2055","targetHints":{"allow":["GET"]}}],"collection":[{"href":"https:\/\/www.likewize.com\/es\/wp-json\/wp\/v2\/pages"}],"about":[{"href":"https:\/\/www.likewize.com\/es\/wp-json\/wp\/v2\/types\/page"}],"author":[{"embeddable":true,"href":"https:\/\/www.likewize.com\/es\/wp-json\/wp\/v2\/users\/25"}],"replies":[{"embeddable":true,"href":"https:\/\/www.likewize.com\/es\/wp-json\/wp\/v2\/comments?post=2055"}],"version-history":[{"count":0,"href":"https:\/\/www.likewize.com\/es\/wp-json\/wp\/v2\/pages\/2055\/revisions"}],"wp:attachment":[{"href":"https:\/\/www.likewize.com\/es\/wp-json\/wp\/v2\/media?parent=2055"}],"curies":[{"name":"wp","href":"https:\/\/api.w.org\/{rel}","templated":true}]}}