{"id":2081,"date":"2023-10-27T13:45:59","date_gmt":"2023-10-27T13:45:59","guid":{"rendered":"https:\/\/www.likewize.com\/politica-de-cookies\/"},"modified":"2025-07-17T16:50:21","modified_gmt":"2025-07-17T16:50:21","slug":"cookie-policy","status":"publish","type":"page","link":"https:\/\/www.likewize.com\/es\/cookie-policy\/","title":{"rendered":"Pol\u00edtica de cookies"},"content":{"rendered":"\n<div class=\"wp-block-group\"><div class=\"wp-block-group__inner-container is-layout-constrained wp-block-group-is-layout-constrained\">\n<p>Nuestro sitio web utiliza cookies para distinguirle de otros usuarios de nuestro sitio web. Esto nos ayuda a proporcionarle una buena experiencia cuando navega por nuestro sitio web y tambi\u00e9n nos permite mejorar nuestro sitio. Al continuar navegando por el sitio, usted acepta nuestro uso de cookies.<br>Una cookie es un peque\u00f1o archivo de letras y n\u00fameros que almacenamos en su navegador o en el disco duro de su ordenador si usted est\u00e1 de acuerdo. Las cookies contienen informaci\u00f3n que se transfiere al disco duro de su ordenador.<\/p>\n\n\n\n<div style=\"height:20px\" aria-hidden=\"true\" class=\"wp-block-spacer\"><\/div>\n\n\n\n<h6 class=\"wp-block-heading\">PODEMOS UTILIZAR LAS SIGUIENTES COOKIES:<\/h6>\n\n\n\n<ul class=\"wp-block-list\">\n<li><strong>Cookies estrictamente necesarias.<\/strong> Estas son cookies necesarias para el funcionamiento de nuestro sitio web. Incluyen, por ejemplo, cookies que le permiten iniciar sesi\u00f3n en \u00e1reas seguras de nuestro sitio web, utilizar un carrito de la compra o utilizar servicios de facturaci\u00f3n electr\u00f3nica.<\/li>\n\n\n\n<li><strong>Cookies anal\u00edticas\/de rendimiento<\/strong>. Nos permiten reconocer y contar el n\u00famero de visitantes y ver c\u00f3mo se mueven los visitantes por nuestro sitio web cuando lo utilizan. Esto nos ayuda a mejorar la forma en que funciona nuestro sitio web, por ejemplo, garantizando que los usuarios encuentren lo que buscan f\u00e1cilmente.<\/li>\n\n\n\n<li><strong>Cookies de funcionalidad.<\/strong> Se utilizan para reconocerle cuando vuelve a nuestro sitio web. Esto nos permite personalizar nuestro contenido para usted, saludarle por su nombre y recordar sus preferencias (por ejemplo, su elecci\u00f3n de idioma o regi\u00f3n).<\/li>\n\n\n\n<li><strong>Cookies dirigidas. <\/strong>Estas cookies registran su visita a nuestro sitio web, las p\u00e1ginas que ha visitado y los enlaces a los que ha accedido. Utilizaremos esta informaci\u00f3n para hacer que nuestro sitio web y la publicidad mostrada en \u00e9l sean m\u00e1s relevantes para sus intereses. Tambi\u00e9n podemos compartir esta informaci\u00f3n con terceros para este fin<\/li>\n<\/ul>\n\n\n\n<p>Puede encontrar m\u00e1s informaci\u00f3n sobre las cookies individuales que utilizamos y los fines para los que las utilizamos en la siguiente tabla:<\/p>\n\n\n\n<div style=\"height:20px\" aria-hidden=\"true\" class=\"wp-block-spacer\"><\/div>\n\n\n\n<h6 class=\"wp-block-heading\">COOKIES ANAL\u00cdTICAS\/DE RENDIMIENTO<\/h6>\n\n\n\n<div style=\"height:20px\" aria-hidden=\"true\" class=\"wp-block-spacer\"><\/div>\n\n\n\n<figure class=\"wp-block-table\"><table><tbody><tr><td><strong>Nombre<\/strong><\/td><td><strong>Prop\u00f3sito<\/strong><\/td><td><strong>M\u00e1s informaci\u00f3n<\/strong><\/td><\/tr><tr><td>_gat<\/td><td>Google Analytics<\/td><td>Se utiliza para distinguir usuarios. (Caduca: al cabo de 1 min.). <a href=\"https:\/\/support.google.com\/analytics\/answer\/11397207?hl=en\">Leer m\u00e1s<\/a><\/td><\/tr><tr><td>_ga<\/td><td>Google Analytics<\/td><td>Se utiliza para distinguir usuarios. (Caduca: al cabo de 2 a\u00f1os). <a href=\"https:\/\/support.google.com\/analytics\/answer\/11397207?hl=en\">Leer m\u00e1s<\/a><\/td><\/tr><tr><td>_gafa<\/td><td>Google Analytics<\/td><td>Se utiliza para distinguir usuarios. (Caduca: al cabo de 24 horas). <a href=\"https:\/\/support.google.com\/analytics\/answer\/11397207?hl=en\">Leer m\u00e1s<\/a><\/td><\/tr><\/tbody><\/table><\/figure>\n\n\n\n<div style=\"height:20px\" aria-hidden=\"true\" class=\"wp-block-spacer\"><\/div>\n\n\n\n<h6 class=\"wp-block-heading\">COOKIES DE FUNCIONALIDAD<\/h6>\n\n\n\n<figure class=\"wp-block-table\"><table><tbody><tr><td class=\"has-text-align-left\" data-align=\"left\"><strong>Nombre<\/strong><\/td><td><strong>Prop\u00f3sito<\/strong><\/td><td><strong>M\u00e1s informaci\u00f3n<\/strong><\/td><\/tr><tr><td class=\"has-text-align-left\" data-align=\"left\">incap_ses_xxx<\/td><td>Incapsula<\/td><td>Cookie de sesi\u00f3n de Incapsula. (Caduca al abandonar la p\u00e1gina)<\/td><\/tr><tr><td class=\"has-text-align-left\" data-align=\"left\">visid_incap_xxx<\/td><td>Incapsula<\/td><td>Cookie de identificaci\u00f3n de visita de Incapsula. (Caduca: al cabo de 1 a\u00f1o)<\/td><\/tr><tr><td class=\"has-text-align-left\" data-align=\"left\">wp-settings-time-xxx<\/td><td>Cookie de configuraci\u00f3n de WP<\/td><td>WordPress tambi\u00e9n establece algunas cookies wp-settings-{time}-[UID]. El n\u00famero al final es su ID de usuario individual de la tabla de base de datos de usuarios. Se utiliza para personalizar la vista de la interfaz de administrador y, posiblemente, tambi\u00e9n la interfaz principal del sitio. (Caduca: al cabo de 1 a\u00f1o) <a href=\"https:\/\/wordpress.org\/documentation\/article\/cookies\/\" data-type=\"link\" data-id=\"https:\/\/wordpress.org\/documentation\/article\/cookies\/\">M\u00e1s informaci\u00f3n<\/a><\/td><\/tr><tr><td class=\"has-text-align-left\" data-align=\"left\">wp-settings-time-xxx<\/td><td>Cookie de configuraci\u00f3n de WP<\/td><td>WordPress tambi\u00e9n establece algunas cookies wp-settings-{time}-[UID]. El n\u00famero al final es su ID de usuario individual de la tabla de base de datos de usuarios. Se utiliza para personalizar la vista de la interfaz de administrador y, posiblemente, tambi\u00e9n la interfaz principal del sitio. (Caduca: al cabo de 1 a\u00f1o) <a href=\"https:\/\/wordpress.org\/documentation\/article\/cookies\/\" data-type=\"link\" data-id=\"https:\/\/wordpress.org\/documentation\/article\/cookies\/\">M\u00e1s informaci\u00f3n<\/a><\/td><\/tr><\/tbody><\/table><\/figure>\n\n\n\n<p>Tenga en cuenta que terceros (incluidos, por ejemplo, redes publicitarias y proveedores de servicios externos como servicios de an\u00e1lisis de tr\u00e1fico web) tambi\u00e9n pueden utilizar cookies, sobre las que no tenemos control. Es probable que estas cookies sean cookies anal\u00edticas\/de rendimiento o cookies dirigidas.<br>Si desea restringir o bloquear las cookies establecidas por este sitio web (o, de hecho, en cualquier otro sitio), puede hacerlo a trav\u00e9s de la configuraci\u00f3n de su navegador. La funci\u00f3n \u201cAyuda\u201d de su navegador deber\u00eda indicarle c\u00f3mo hacerlo. Puede bloquear las cookies activando la configuraci\u00f3n de su navegador que le permite rechazar la configuraci\u00f3n de todas o algunas cookies. Sin embargo, si utiliza la configuraci\u00f3n de su navegador para bloquear todas las cookies, es posible que no pueda acceder a todo o parte de nuestro sitio.<br>Si le preocupan principalmente las cookies de terceros generadas por anunciantes, puede desactivarlas en el sitio Your Online Choices en <a data-type=\"link\" data-id=\"https:\/\/youronlinechoices.eu\/\" href=\"https:\/\/youronlinechoices.eu\/\">www.youronlinechoices.eu.<\/a><\/p>\n\n\n\n<div style=\"height:20px\" aria-hidden=\"true\" class=\"wp-block-spacer\"><\/div>\n\n\n\n<h6 class=\"wp-block-heading\">COOKIES DE FUNCIONALIDAD<\/h6>\n\n\n\n<p>Algunos de los correos electr\u00f3nicos que le enviamos pueden contener un \u201cp\u00edxel de baliza web\u201d (GIF transparentes) o enlaces con seguimiento que nos permiten identificar cu\u00e1ndo ha abierto el correo electr\u00f3nico y verificar los enlaces contenidos en el correo electr\u00f3nico a los que ha accedido. Utilizamos esta informaci\u00f3n para determinar qu\u00e9 partes de nuestros correos electr\u00f3nicos le interesan m\u00e1s.<\/p>\n\n\n\n<p>Puede eliminar el p\u00edxel eliminando el correo electr\u00f3nico. Si no desea descargar el p\u00edxel en su ordenador u otro dispositivo, puede asegurarse de ello seleccionando la opci\u00f3n de recibir nuestros correos electr\u00f3nicos en texto sin formato en lugar de HTML, o no abriendo im\u00e1genes en su correo electr\u00f3nico.<\/p>\n\n\n\n<div style=\"height:20px\" aria-hidden=\"true\" class=\"wp-block-spacer\"><\/div>\n\n\n\n<h6 class=\"wp-block-heading\">CONTACTE CON NOSOTROS<\/h6>\n\n\n\n<p>Si tiene alguna otra pregunta sobre nuestra Pol\u00edtica de cookies, p\u00f3ngase en contacto con nosotros en: <a href=\"mailto:GDPRSupport@www.likewize.com\">GDPRSupport@www.likewize.com<\/a><\/p>\n<\/div><\/div>\n","protected":false},"excerpt":{"rendered":"<p>Nuestro sitio web utiliza cookies para distinguirle de otros usuarios de nuestro sitio web. Esto nos ayuda a proporcionarle una buena experiencia cuando navega por nuestro sitio web y tambi\u00e9n nos permite mejorar nuestro sitio. Al continuar navegando por el sitio, usted acepta nuestro uso de cookies.Una cookie es un peque\u00f1o archivo de letras y [&hellip;]<\/p>\n","protected":false},"author":25,"featured_media":0,"parent":0,"menu_order":0,"comment_status":"closed","ping_status":"closed","template":"page-templates\/sub-page.php","meta":{"_acf_changed":false,"footnotes":""},"class_list":["post-2081","page","type-page","status-publish","hentry"],"acf":[],"yoast_head":"<!-- This site is optimized with the Yoast SEO plugin v27.6 - https:\/\/yoast.com\/product\/yoast-seo-wordpress\/ -->\n<title>Pol\u00edtica de cookies &#8212; Likewize<\/title>\n<meta name=\"robots\" content=\"index, follow, max-snippet:-1, max-image-preview:large, max-video-preview:-1\" \/>\n<link rel=\"canonical\" href=\"https:\/\/www.likewize.com\/es\/cookie-policy\/\" \/>\n<meta property=\"og:locale\" content=\"es_ES\" \/>\n<meta property=\"og:type\" content=\"article\" \/>\n<meta property=\"og:title\" content=\"Pol\u00edtica de cookies &#8212; Likewize\" \/>\n<meta property=\"og:description\" content=\"Nuestro sitio web utiliza cookies para distinguirle de otros usuarios de nuestro sitio web. Esto nos ayuda a proporcionarle una buena experiencia cuando navega por nuestro sitio web y tambi\u00e9n nos permite mejorar nuestro sitio. Al continuar navegando por el sitio, usted acepta nuestro uso de cookies.Una cookie es un peque\u00f1o archivo de letras y [&hellip;]\" \/>\n<meta property=\"og:url\" content=\"https:\/\/www.likewize.com\/es\/cookie-policy\/\" \/>\n<meta property=\"og:site_name\" content=\"Likewize\" \/>\n<meta property=\"article:modified_time\" content=\"2025-07-17T16:50:21+00:00\" \/>\n<meta property=\"og:image\" content=\"https:\/\/www.likewize.com\/wp-content\/uploads\/2023\/10\/og-image.jpg\" \/>\n\t<meta property=\"og:image:width\" content=\"1200\" \/>\n\t<meta property=\"og:image:height\" content=\"630\" \/>\n\t<meta property=\"og:image:type\" content=\"image\/jpeg\" \/>\n<meta name=\"twitter:card\" content=\"summary_large_image\" \/>\n<meta name=\"twitter:label1\" content=\"Tiempo de lectura\" \/>\n\t<meta name=\"twitter:data1\" content=\"4 minutos\" \/>\n<script type=\"application\/ld+json\" class=\"yoast-schema-graph\">{\"@context\":\"https:\\\/\\\/schema.org\",\"@graph\":[{\"@type\":\"WebPage\",\"@id\":\"https:\\\/\\\/www.likewize.com\\\/es\\\/cookie-policy\\\/\",\"url\":\"https:\\\/\\\/www.likewize.com\\\/es\\\/cookie-policy\\\/\",\"name\":\"Pol\u00edtica de cookies &#8212; Likewize\",\"isPartOf\":{\"@id\":\"https:\\\/\\\/www.likewize.com\\\/es\\\/#website\"},\"datePublished\":\"2023-10-27T13:45:59+00:00\",\"dateModified\":\"2025-07-17T16:50:21+00:00\",\"breadcrumb\":{\"@id\":\"https:\\\/\\\/www.likewize.com\\\/es\\\/cookie-policy\\\/#breadcrumb\"},\"inLanguage\":\"es\",\"potentialAction\":[{\"@type\":\"ReadAction\",\"target\":[\"https:\\\/\\\/www.likewize.com\\\/es\\\/cookie-policy\\\/\"]}]},{\"@type\":\"BreadcrumbList\",\"@id\":\"https:\\\/\\\/www.likewize.com\\\/es\\\/cookie-policy\\\/#breadcrumb\",\"itemListElement\":[{\"@type\":\"ListItem\",\"position\":1,\"name\":\"Home\",\"item\":\"https:\\\/\\\/www.likewize.com\\\/es\\\/\"},{\"@type\":\"ListItem\",\"position\":2,\"name\":\"Pol\u00edtica de cookies\"}]},{\"@type\":\"WebSite\",\"@id\":\"https:\\\/\\\/www.likewize.com\\\/es\\\/#website\",\"url\":\"https:\\\/\\\/www.likewize.com\\\/es\\\/\",\"name\":\"Likewize\",\"description\":\"Cada problema tecnol\u00f3gico resuelto sin dolor.\",\"publisher\":{\"@id\":\"https:\\\/\\\/www.likewize.com\\\/es\\\/#organization\"},\"potentialAction\":[{\"@type\":\"SearchAction\",\"target\":{\"@type\":\"EntryPoint\",\"urlTemplate\":\"https:\\\/\\\/www.likewize.com\\\/es\\\/?s={search_term_string}\"},\"query-input\":{\"@type\":\"PropertyValueSpecification\",\"valueRequired\":true,\"valueName\":\"search_term_string\"}}],\"inLanguage\":\"es\"},{\"@type\":\"Organization\",\"@id\":\"https:\\\/\\\/www.likewize.com\\\/es\\\/#organization\",\"name\":\"Likewize\",\"url\":\"https:\\\/\\\/www.likewize.com\\\/es\\\/\",\"logo\":{\"@type\":\"ImageObject\",\"inLanguage\":\"es\",\"@id\":\"https:\\\/\\\/www.likewize.com\\\/es\\\/#\\\/schema\\\/logo\\\/image\\\/\",\"url\":\"https:\\\/\\\/www.likewize.com\\\/wp-content\\\/uploads\\\/2023\\\/11\\\/likewize-logo-23.svg\",\"contentUrl\":\"https:\\\/\\\/www.likewize.com\\\/wp-content\\\/uploads\\\/2023\\\/11\\\/likewize-logo-23.svg\",\"width\":143,\"height\":30,\"caption\":\"Likewize\"},\"image\":{\"@id\":\"https:\\\/\\\/www.likewize.com\\\/es\\\/#\\\/schema\\\/logo\\\/image\\\/\"}}]}<\/script>\n<!-- \/ Yoast SEO plugin. -->","yoast_head_json":{"title":"Pol\u00edtica de cookies &#8212; Likewize","robots":{"index":"index","follow":"follow","max-snippet":"max-snippet:-1","max-image-preview":"max-image-preview:large","max-video-preview":"max-video-preview:-1"},"canonical":"https:\/\/www.likewize.com\/es\/cookie-policy\/","og_locale":"es_ES","og_type":"article","og_title":"Pol\u00edtica de cookies &#8212; Likewize","og_description":"Nuestro sitio web utiliza cookies para distinguirle de otros usuarios de nuestro sitio web. Esto nos ayuda a proporcionarle una buena experiencia cuando navega por nuestro sitio web y tambi\u00e9n nos permite mejorar nuestro sitio. Al continuar navegando por el sitio, usted acepta nuestro uso de cookies.Una cookie es un peque\u00f1o archivo de letras y [&hellip;]","og_url":"https:\/\/www.likewize.com\/es\/cookie-policy\/","og_site_name":"Likewize","article_modified_time":"2025-07-17T16:50:21+00:00","og_image":[{"width":1200,"height":630,"url":"https:\/\/www.likewize.com\/wp-content\/uploads\/2023\/10\/og-image.jpg","type":"image\/jpeg"}],"twitter_card":"summary_large_image","twitter_misc":{"Tiempo de lectura":"4 minutos"},"schema":{"@context":"https:\/\/schema.org","@graph":[{"@type":"WebPage","@id":"https:\/\/www.likewize.com\/es\/cookie-policy\/","url":"https:\/\/www.likewize.com\/es\/cookie-policy\/","name":"Pol\u00edtica de cookies &#8212; Likewize","isPartOf":{"@id":"https:\/\/www.likewize.com\/es\/#website"},"datePublished":"2023-10-27T13:45:59+00:00","dateModified":"2025-07-17T16:50:21+00:00","breadcrumb":{"@id":"https:\/\/www.likewize.com\/es\/cookie-policy\/#breadcrumb"},"inLanguage":"es","potentialAction":[{"@type":"ReadAction","target":["https:\/\/www.likewize.com\/es\/cookie-policy\/"]}]},{"@type":"BreadcrumbList","@id":"https:\/\/www.likewize.com\/es\/cookie-policy\/#breadcrumb","itemListElement":[{"@type":"ListItem","position":1,"name":"Home","item":"https:\/\/www.likewize.com\/es\/"},{"@type":"ListItem","position":2,"name":"Pol\u00edtica de cookies"}]},{"@type":"WebSite","@id":"https:\/\/www.likewize.com\/es\/#website","url":"https:\/\/www.likewize.com\/es\/","name":"Likewize","description":"Cada problema tecnol\u00f3gico resuelto sin dolor.","publisher":{"@id":"https:\/\/www.likewize.com\/es\/#organization"},"potentialAction":[{"@type":"SearchAction","target":{"@type":"EntryPoint","urlTemplate":"https:\/\/www.likewize.com\/es\/?s={search_term_string}"},"query-input":{"@type":"PropertyValueSpecification","valueRequired":true,"valueName":"search_term_string"}}],"inLanguage":"es"},{"@type":"Organization","@id":"https:\/\/www.likewize.com\/es\/#organization","name":"Likewize","url":"https:\/\/www.likewize.com\/es\/","logo":{"@type":"ImageObject","inLanguage":"es","@id":"https:\/\/www.likewize.com\/es\/#\/schema\/logo\/image\/","url":"https:\/\/www.likewize.com\/wp-content\/uploads\/2023\/11\/likewize-logo-23.svg","contentUrl":"https:\/\/www.likewize.com\/wp-content\/uploads\/2023\/11\/likewize-logo-23.svg","width":143,"height":30,"caption":"Likewize"},"image":{"@id":"https:\/\/www.likewize.com\/es\/#\/schema\/logo\/image\/"}}]}},"_links":{"self":[{"href":"https:\/\/www.likewize.com\/es\/wp-json\/wp\/v2\/pages\/2081","targetHints":{"allow":["GET"]}}],"collection":[{"href":"https:\/\/www.likewize.com\/es\/wp-json\/wp\/v2\/pages"}],"about":[{"href":"https:\/\/www.likewize.com\/es\/wp-json\/wp\/v2\/types\/page"}],"author":[{"embeddable":true,"href":"https:\/\/www.likewize.com\/es\/wp-json\/wp\/v2\/users\/25"}],"replies":[{"embeddable":true,"href":"https:\/\/www.likewize.com\/es\/wp-json\/wp\/v2\/comments?post=2081"}],"version-history":[{"count":0,"href":"https:\/\/www.likewize.com\/es\/wp-json\/wp\/v2\/pages\/2081\/revisions"}],"wp:attachment":[{"href":"https:\/\/www.likewize.com\/es\/wp-json\/wp\/v2\/media?parent=2081"}],"curies":[{"name":"wp","href":"https:\/\/api.w.org\/{rel}","templated":true}]}}